{"id":6178,"date":"2020-07-28T19:53:26","date_gmt":"2020-07-28T19:53:26","guid":{"rendered":"https:\/\/copesepb.mlbwdev.com\/social-political-action\/human-rights-and-equality\/"},"modified":"2022-03-15T12:07:28","modified_gmt":"2022-03-15T16:07:28","slug":"human-rights-and-equality","status":"publish","type":"page","link":"https:\/\/copesepb.ca\/fr\/social-political-action\/human-rights-and-equality\/","title":{"rendered":"Droits de l&rsquo;homme et \u00e9galit\u00e9"},"content":{"rendered":"\t\t<div data-elementor-type=\"wp-page\" data-elementor-id=\"6178\" class=\"elementor elementor-6178 elementor-1443\" data-elementor-post-type=\"page\">\n\t\t\t\t\t\t<section class=\"elementor-section elementor-top-section elementor-element elementor-element-135407d elementor-section-height-min-height row-head elementor-section-boxed elementor-section-height-default elementor-section-items-middle\" data-id=\"135407d\" data-element_type=\"section\" data-e-type=\"section\" data-settings=\"{&quot;jet_parallax_layout_list&quot;:[{&quot;jet_parallax_layout_image&quot;:{&quot;url&quot;:&quot;&quot;,&quot;id&quot;:&quot;&quot;,&quot;size&quot;:&quot;&quot;},&quot;_id&quot;:&quot;3031451&quot;,&quot;jet_parallax_layout_image_tablet&quot;:{&quot;url&quot;:&quot;&quot;,&quot;id&quot;:&quot;&quot;,&quot;size&quot;:&quot;&quot;},&quot;jet_parallax_layout_image_mobile&quot;:{&quot;url&quot;:&quot;&quot;,&quot;id&quot;:&quot;&quot;,&quot;size&quot;:&quot;&quot;},&quot;jet_parallax_layout_speed&quot;:{&quot;unit&quot;:&quot;%&quot;,&quot;size&quot;:50,&quot;sizes&quot;:[]},&quot;jet_parallax_layout_type&quot;:&quot;scroll&quot;,&quot;jet_parallax_layout_direction&quot;:&quot;1&quot;,&quot;jet_parallax_layout_fx_direction&quot;:null,&quot;jet_parallax_layout_z_index&quot;:&quot;&quot;,&quot;jet_parallax_layout_bg_x&quot;:50,&quot;jet_parallax_layout_bg_x_tablet&quot;:&quot;&quot;,&quot;jet_parallax_layout_bg_x_mobile&quot;:&quot;&quot;,&quot;jet_parallax_layout_bg_y&quot;:50,&quot;jet_parallax_layout_bg_y_tablet&quot;:&quot;&quot;,&quot;jet_parallax_layout_bg_y_mobile&quot;:&quot;&quot;,&quot;jet_parallax_layout_bg_size&quot;:&quot;auto&quot;,&quot;jet_parallax_layout_bg_size_tablet&quot;:&quot;&quot;,&quot;jet_parallax_layout_bg_size_mobile&quot;:&quot;&quot;,&quot;jet_parallax_layout_animation_prop&quot;:&quot;transform&quot;,&quot;jet_parallax_layout_on&quot;:[&quot;desktop&quot;,&quot;tablet&quot;]}],&quot;background_background&quot;:&quot;classic&quot;}\">\n\t\t\t\t\t\t\t<div class=\"elementor-background-overlay\"><\/div>\n\t\t\t\t\t\t\t<div class=\"elementor-container elementor-column-gap-default\">\n\t\t\t\t\t<div class=\"elementor-column elementor-col-100 elementor-top-column elementor-element elementor-element-4a8e845\" data-id=\"4a8e845\" data-element_type=\"column\" data-e-type=\"column\">\n\t\t\t<div class=\"elementor-widget-wrap elementor-element-populated\">\n\t\t\t\t\t\t<div class=\"elementor-element elementor-element-c362853 elementor-widget elementor-widget-heading\" data-id=\"c362853\" data-element_type=\"widget\" data-e-type=\"widget\" data-widget_type=\"heading.default\">\n\t\t\t\t<div class=\"elementor-widget-container\">\n\t\t\t\t\t<h1 class=\"elementor-heading-title elementor-size-default\">Droits de l'homme et \u00e9galit\u00e9<\/h1>\t\t\t\t<\/div>\n\t\t\t\t<\/div>\n\t\t\t\t\t<\/div>\n\t\t<\/div>\n\t\t\t\t\t<\/div>\n\t\t<\/section>\n\t\t\t\t<section class=\"elementor-section elementor-top-section elementor-element elementor-element-ffa0da9 pv100 elementor-section-boxed elementor-section-height-default elementor-section-height-default\" data-id=\"ffa0da9\" data-element_type=\"section\" data-e-type=\"section\" data-settings=\"{&quot;jet_parallax_layout_list&quot;:[{&quot;jet_parallax_layout_image&quot;:{&quot;url&quot;:&quot;&quot;,&quot;id&quot;:&quot;&quot;,&quot;size&quot;:&quot;&quot;},&quot;_id&quot;:&quot;1c05e1a&quot;,&quot;jet_parallax_layout_image_tablet&quot;:{&quot;url&quot;:&quot;&quot;,&quot;id&quot;:&quot;&quot;,&quot;size&quot;:&quot;&quot;},&quot;jet_parallax_layout_image_mobile&quot;:{&quot;url&quot;:&quot;&quot;,&quot;id&quot;:&quot;&quot;,&quot;size&quot;:&quot;&quot;},&quot;jet_parallax_layout_speed&quot;:{&quot;unit&quot;:&quot;%&quot;,&quot;size&quot;:50,&quot;sizes&quot;:[]},&quot;jet_parallax_layout_type&quot;:&quot;scroll&quot;,&quot;jet_parallax_layout_direction&quot;:&quot;1&quot;,&quot;jet_parallax_layout_fx_direction&quot;:null,&quot;jet_parallax_layout_z_index&quot;:&quot;&quot;,&quot;jet_parallax_layout_bg_x&quot;:50,&quot;jet_parallax_layout_bg_x_tablet&quot;:&quot;&quot;,&quot;jet_parallax_layout_bg_x_mobile&quot;:&quot;&quot;,&quot;jet_parallax_layout_bg_y&quot;:50,&quot;jet_parallax_layout_bg_y_tablet&quot;:&quot;&quot;,&quot;jet_parallax_layout_bg_y_mobile&quot;:&quot;&quot;,&quot;jet_parallax_layout_bg_size&quot;:&quot;auto&quot;,&quot;jet_parallax_layout_bg_size_tablet&quot;:&quot;&quot;,&quot;jet_parallax_layout_bg_size_mobile&quot;:&quot;&quot;,&quot;jet_parallax_layout_animation_prop&quot;:&quot;transform&quot;,&quot;jet_parallax_layout_on&quot;:[&quot;desktop&quot;,&quot;tablet&quot;]}],&quot;background_background&quot;:&quot;classic&quot;}\">\n\t\t\t\t\t\t<div class=\"elementor-container elementor-column-gap-default\">\n\t\t\t\t\t<div class=\"elementor-column elementor-col-100 elementor-top-column elementor-element elementor-element-cb17614\" data-id=\"cb17614\" data-element_type=\"column\" data-e-type=\"column\">\n\t\t\t<div class=\"elementor-widget-wrap elementor-element-populated\">\n\t\t\t\t\t\t<div class=\"elementor-element elementor-element-b55c11a elementor-widget elementor-widget-heading\" data-id=\"b55c11a\" data-element_type=\"widget\" data-e-type=\"widget\" data-widget_type=\"heading.default\">\n\t\t\t\t<div class=\"elementor-widget-container\">\n\t\t\t\t\t<h2 class=\"elementor-heading-title elementor-size-default\">Droits de l'homme et \u00e9galit\u00e9<\/h2>\t\t\t\t<\/div>\n\t\t\t\t<\/div>\n\t\t\t\t<div class=\"elementor-element elementor-element-46811b7 elementor-widget elementor-widget-text-editor\" data-id=\"46811b7\" data-element_type=\"widget\" data-e-type=\"widget\" data-widget_type=\"text-editor.default\">\n\t\t\t\t<div class=\"elementor-widget-container\">\n\t\t\t\t\t\t\t\t\t<p>Lors du congr\u00e8s national du COPE de juin 2010, les membres de notre syndicat national ont vot\u00e9 en faveur d&rsquo;une r\u00e9solution visant \u00e0 lutter contre la violence envers les femmes. Cette r\u00e9solution demande \u00e9galement de rendre accessibles les ressources et les services locaux pour les femmes victimes de violence.<\/p><p>Patty Clancy, Vice-pr\u00e9sidente Seat Reserved a rassembl\u00e9 les liens suivants et invite les membres du SEPB \u00e0 y jeter un coup d&rsquo;\u0153il :<\/p>\t\t\t\t\t\t\t\t<\/div>\n\t\t\t\t<\/div>\n\t\t\t\t<div class=\"elementor-element elementor-element-fdd0890 elementor-widget elementor-widget-spacer\" data-id=\"fdd0890\" data-element_type=\"widget\" data-e-type=\"widget\" data-widget_type=\"spacer.default\">\n\t\t\t\t<div class=\"elementor-widget-container\">\n\t\t\t\t\t\t\t<div class=\"elementor-spacer\">\n\t\t\t<div class=\"elementor-spacer-inner\"><\/div>\n\t\t<\/div>\n\t\t\t\t\t\t<\/div>\n\t\t\t\t<\/div>\n\t\t\t\t<div class=\"elementor-element elementor-element-e389447 elementor-position-inline-end link-box elementor-view-default elementor-mobile-position-block-start elementor-widget elementor-widget-icon-box\" data-id=\"e389447\" data-element_type=\"widget\" data-e-type=\"widget\" data-widget_type=\"icon-box.default\">\n\t\t\t\t<div class=\"elementor-widget-container\">\n\t\t\t\t\t\t\t<div class=\"elementor-icon-box-wrapper\">\n\n\t\t\t\t\t\t<div class=\"elementor-icon-box-icon\">\n\t\t\t\t<a href=\"http:\/\/www.shelternet.ca\/\" target=\"_blank\" class=\"elementor-icon\" tabindex=\"-1\" aria-label=\"http:\/\/www.shelternet.ca\/\">\n\t\t\t\t<i aria-hidden=\"true\" class=\"fas fa-external-link-alt\"><\/i>\t\t\t\t<\/a>\n\t\t\t<\/div>\n\t\t\t\n\t\t\t\t\t\t<div class=\"elementor-icon-box-content\">\n\n\t\t\t\t\t\t\t\t\t<h3 class=\"elementor-icon-box-title\">\n\t\t\t\t\t\t<a href=\"http:\/\/www.shelternet.ca\/\" target=\"_blank\" >\n\t\t\t\t\t\t\thttp:\/\/www.shelternet.ca\/\t\t\t\t\t\t<\/a>\n\t\t\t\t\t<\/h3>\n\t\t\t\t\n\t\t\t\t\n\t\t\t<\/div>\n\t\t\t\n\t\t<\/div>\n\t\t\t\t\t\t<\/div>\n\t\t\t\t<\/div>\n\t\t\t\t<div class=\"elementor-element elementor-element-1288ddc elementor-position-inline-end link-box elementor-view-default elementor-mobile-position-block-start elementor-widget elementor-widget-icon-box\" data-id=\"1288ddc\" data-element_type=\"widget\" data-e-type=\"widget\" data-widget_type=\"icon-box.default\">\n\t\t\t\t<div class=\"elementor-widget-container\">\n\t\t\t\t\t\t\t<div class=\"elementor-icon-box-wrapper\">\n\n\t\t\t\t\t\t<div class=\"elementor-icon-box-icon\">\n\t\t\t\t<a href=\"http:\/\/www.cdnwomen.org\/\" target=\"_blank\" class=\"elementor-icon\" tabindex=\"-1\" aria-label=\"http:\/\/www.cdnwomen.org\/\">\n\t\t\t\t<i aria-hidden=\"true\" class=\"fas fa-external-link-alt\"><\/i>\t\t\t\t<\/a>\n\t\t\t<\/div>\n\t\t\t\n\t\t\t\t\t\t<div class=\"elementor-icon-box-content\">\n\n\t\t\t\t\t\t\t\t\t<h3 class=\"elementor-icon-box-title\">\n\t\t\t\t\t\t<a href=\"http:\/\/www.cdnwomen.org\/\" target=\"_blank\" >\n\t\t\t\t\t\t\thttp:\/\/www.cdnwomen.org\/\t\t\t\t\t\t<\/a>\n\t\t\t\t\t<\/h3>\n\t\t\t\t\n\t\t\t\t\n\t\t\t<\/div>\n\t\t\t\n\t\t<\/div>\n\t\t\t\t\t\t<\/div>\n\t\t\t\t<\/div>\n\t\t\t\t<div class=\"elementor-element elementor-element-d80e4e3 elementor-position-inline-end link-box elementor-view-default elementor-mobile-position-block-start elementor-widget elementor-widget-icon-box\" data-id=\"d80e4e3\" data-element_type=\"widget\" data-e-type=\"widget\" data-widget_type=\"icon-box.default\">\n\t\t\t\t<div class=\"elementor-widget-container\">\n\t\t\t\t\t\t\t<div class=\"elementor-icon-box-wrapper\">\n\n\t\t\t\t\t\t<div class=\"elementor-icon-box-icon\">\n\t\t\t\t<a href=\"http:\/\/www.womensequality.ca\/\" target=\"_blank\" class=\"elementor-icon\" tabindex=\"-1\" aria-label=\"http:\/\/www.womensequality.ca\/\">\n\t\t\t\t<i aria-hidden=\"true\" class=\"fas fa-external-link-alt\"><\/i>\t\t\t\t<\/a>\n\t\t\t<\/div>\n\t\t\t\n\t\t\t\t\t\t<div class=\"elementor-icon-box-content\">\n\n\t\t\t\t\t\t\t\t\t<h3 class=\"elementor-icon-box-title\">\n\t\t\t\t\t\t<a href=\"http:\/\/www.womensequality.ca\/\" target=\"_blank\" >\n\t\t\t\t\t\t\thttp:\/\/www.womensequality.ca\/\t\t\t\t\t\t<\/a>\n\t\t\t\t\t<\/h3>\n\t\t\t\t\n\t\t\t\t\n\t\t\t<\/div>\n\t\t\t\n\t\t<\/div>\n\t\t\t\t\t\t<\/div>\n\t\t\t\t<\/div>\n\t\t\t\t<div class=\"elementor-element elementor-element-2ef3b4e elementor-position-inline-end link-box elementor-view-default elementor-mobile-position-block-start elementor-widget elementor-widget-icon-box\" data-id=\"2ef3b4e\" data-element_type=\"widget\" data-e-type=\"widget\" data-widget_type=\"icon-box.default\">\n\t\t\t\t<div class=\"elementor-widget-container\">\n\t\t\t\t\t\t\t<div class=\"elementor-icon-box-wrapper\">\n\n\t\t\t\t\t\t<div class=\"elementor-icon-box-icon\">\n\t\t\t\t<a href=\"\/wp-content\/uploads\/2020\/07\/Women-HumanRight-Report1.pdf\" target=\"_blank\" class=\"elementor-icon\" tabindex=\"-1\" aria-label=\"Women\u2019s and human rights report \">\n\t\t\t\t<i aria-hidden=\"true\" class=\"fas fa-download\"><\/i>\t\t\t\t<\/a>\n\t\t\t<\/div>\n\t\t\t\n\t\t\t\t\t\t<div class=\"elementor-icon-box-content\">\n\n\t\t\t\t\t\t\t\t\t<h3 class=\"elementor-icon-box-title\">\n\t\t\t\t\t\t<a href=\"\/wp-content\/uploads\/2020\/07\/Women-HumanRight-Report1.pdf\" target=\"_blank\" >\n\t\t\t\t\t\t\tWomen\u2019s and human rights report \t\t\t\t\t\t<\/a>\n\t\t\t\t\t<\/h3>\n\t\t\t\t\n\t\t\t\t\t\t\t\t\t<p class=\"elementor-icon-box-description\">\n\t\t\t\t\t\t2008-02-11                  \n\t\t\t\t\t<\/p>\n\t\t\t\t\n\t\t\t<\/div>\n\t\t\t\n\t\t<\/div>\n\t\t\t\t\t\t<\/div>\n\t\t\t\t<\/div>\n\t\t\t\t<div class=\"elementor-element elementor-element-07f44d6 elementor-position-inline-end link-box elementor-view-default elementor-mobile-position-block-start elementor-widget elementor-widget-icon-box\" data-id=\"07f44d6\" data-element_type=\"widget\" data-e-type=\"widget\" data-widget_type=\"icon-box.default\">\n\t\t\t\t<div class=\"elementor-widget-container\">\n\t\t\t\t\t\t\t<div class=\"elementor-icon-box-wrapper\">\n\n\t\t\t\t\t\t<div class=\"elementor-icon-box-icon\">\n\t\t\t\t<a href=\"\/wp-content\/uploads\/2020\/07\/AntiRacism-HumanRight-Report1.pdf\" target=\"_blank\" class=\"elementor-icon\" tabindex=\"-1\" aria-label=\"Anti-Racism and Human Rights report \">\n\t\t\t\t<i aria-hidden=\"true\" class=\"fas fa-download\"><\/i>\t\t\t\t<\/a>\n\t\t\t<\/div>\n\t\t\t\n\t\t\t\t\t\t<div class=\"elementor-icon-box-content\">\n\n\t\t\t\t\t\t\t\t\t<h3 class=\"elementor-icon-box-title\">\n\t\t\t\t\t\t<a href=\"\/wp-content\/uploads\/2020\/07\/AntiRacism-HumanRight-Report1.pdf\" target=\"_blank\" >\n\t\t\t\t\t\t\tAnti-Racism and Human Rights report \t\t\t\t\t\t<\/a>\n\t\t\t\t\t<\/h3>\n\t\t\t\t\n\t\t\t\t\t\t\t\t\t<p class=\"elementor-icon-box-description\">\n\t\t\t\t\t\t2008-02-11                  \n\t\t\t\t\t<\/p>\n\t\t\t\t\n\t\t\t<\/div>\n\t\t\t\n\t\t<\/div>\n\t\t\t\t\t\t<\/div>\n\t\t\t\t<\/div>\n\t\t\t\t<div class=\"elementor-element elementor-element-dc6ebe1 elementor-position-inline-end link-box elementor-view-default elementor-mobile-position-block-start elementor-widget elementor-widget-icon-box\" data-id=\"dc6ebe1\" data-element_type=\"widget\" data-e-type=\"widget\" data-widget_type=\"icon-box.default\">\n\t\t\t\t<div class=\"elementor-widget-container\">\n\t\t\t\t\t\t\t<div class=\"elementor-icon-box-wrapper\">\n\n\t\t\t\t\t\t<div class=\"elementor-icon-box-icon\">\n\t\t\t\t<a href=\"https:\/\/canadianlabour.ca\/\" target=\"_blank\" class=\"elementor-icon\" tabindex=\"-1\" aria-label=\"https:\/\/canadianlabour.ca\/\">\n\t\t\t\t<i aria-hidden=\"true\" class=\"fas fa-external-link-alt\"><\/i>\t\t\t\t<\/a>\n\t\t\t<\/div>\n\t\t\t\n\t\t\t\t\t\t<div class=\"elementor-icon-box-content\">\n\n\t\t\t\t\t\t\t\t\t<h3 class=\"elementor-icon-box-title\">\n\t\t\t\t\t\t<a href=\"https:\/\/canadianlabour.ca\/\" target=\"_blank\" >\n\t\t\t\t\t\t\thttps:\/\/canadianlabour.ca\/\t\t\t\t\t\t<\/a>\n\t\t\t\t\t<\/h3>\n\t\t\t\t\n\t\t\t\t\n\t\t\t<\/div>\n\t\t\t\n\t\t<\/div>\n\t\t\t\t\t\t<\/div>\n\t\t\t\t<\/div>\n\t\t\t\t<div class=\"elementor-element elementor-element-6db6446 elementor-widget elementor-widget-spacer\" data-id=\"6db6446\" data-element_type=\"widget\" data-e-type=\"widget\" data-widget_type=\"spacer.default\">\n\t\t\t\t<div class=\"elementor-widget-container\">\n\t\t\t\t\t\t\t<div class=\"elementor-spacer\">\n\t\t\t<div class=\"elementor-spacer-inner\"><\/div>\n\t\t<\/div>\n\t\t\t\t\t\t<\/div>\n\t\t\t\t<\/div>\n\t\t\t\t\t<\/div>\n\t\t<\/div>\n\t\t\t\t\t<\/div>\n\t\t<\/section>\n\t\t\t\t<\/div>\n\t\t","protected":false},"excerpt":{"rendered":"<p>Droits de l&rsquo;homme et \u00e9galit\u00e9 Droits de l&rsquo;homme et \u00e9galit\u00e9 Lors du congr\u00e8s national du COPE de juin 2010, les membres de notre syndicat national ont vot\u00e9 en faveur d&rsquo;une r\u00e9solution visant \u00e0 lutter contre la violence envers les femmes. Cette r\u00e9solution demande \u00e9galement de rendre accessibles les ressources et les services locaux pour les [&hellip;]<\/p>\n","protected":false},"author":1,"featured_media":0,"parent":6163,"menu_order":0,"comment_status":"closed","ping_status":"closed","template":"elementor_header_footer","meta":{"_acf_changed":false,"footnotes":""},"class_list":["post-6178","page","type-page","status-publish","hentry"],"acf":[],"yoast_head":"<!-- This site is optimized with the Yoast SEO plugin v26.9 - https:\/\/yoast.com\/product\/yoast-seo-wordpress\/ -->\n<title>Droits de l&#039;homme et \u00e9galit\u00e9 - SEPB<\/title>\n<meta name=\"robots\" content=\"index, follow, max-snippet:-1, max-image-preview:large, max-video-preview:-1\" \/>\n<link rel=\"canonical\" href=\"https:\/\/copesepb.ca\/social-political-action\/human-rights-and-equality\/\" \/>\n<meta property=\"og:locale\" content=\"fr_FR\" \/>\n<meta property=\"og:type\" content=\"article\" \/>\n<meta property=\"og:title\" content=\"Droits de l&#039;homme et \u00e9galit\u00e9 - SEPB\" \/>\n<meta property=\"og:description\" content=\"Droits de l&rsquo;homme et \u00e9galit\u00e9 Droits de l&rsquo;homme et \u00e9galit\u00e9 Lors du congr\u00e8s national du COPE de juin 2010, les membres de notre syndicat national ont vot\u00e9 en faveur d&rsquo;une r\u00e9solution visant \u00e0 lutter contre la violence envers les femmes. Cette r\u00e9solution demande \u00e9galement de rendre accessibles les ressources et les services locaux pour les [&hellip;]\" \/>\n<meta property=\"og:url\" content=\"https:\/\/copesepb.ca\/social-political-action\/human-rights-and-equality\/\" \/>\n<meta property=\"og:site_name\" content=\"SEPB\" \/>\n<meta property=\"article:modified_time\" content=\"2022-03-15T16:07:28+00:00\" \/>\n<meta name=\"twitter:card\" content=\"summary_large_image\" \/>\n<meta name=\"twitter:label1\" content=\"Dur\u00e9e de lecture estim\u00e9e\" \/>\n\t<meta name=\"twitter:data1\" content=\"1 minute\" \/>\n<script type=\"application\/ld+json\" class=\"yoast-schema-graph\">{\"@context\":\"https:\/\/schema.org\",\"@graph\":[{\"@type\":\"WebPage\",\"@id\":\"https:\/\/copesepb.ca\/social-political-action\/human-rights-and-equality\/\",\"url\":\"https:\/\/copesepb.ca\/social-political-action\/human-rights-and-equality\/\",\"name\":\"Droits de l'homme et \u00e9galit\u00e9 - SEPB\",\"isPartOf\":{\"@id\":\"https:\/\/copesepb.ca\/#website\"},\"datePublished\":\"2020-07-28T19:53:26+00:00\",\"dateModified\":\"2022-03-15T16:07:28+00:00\",\"breadcrumb\":{\"@id\":\"https:\/\/copesepb.ca\/social-political-action\/human-rights-and-equality\/#breadcrumb\"},\"inLanguage\":\"fr-FR\",\"potentialAction\":[{\"@type\":\"ReadAction\",\"target\":[\"https:\/\/copesepb.ca\/social-political-action\/human-rights-and-equality\/\"]}]},{\"@type\":\"BreadcrumbList\",\"@id\":\"https:\/\/copesepb.ca\/social-political-action\/human-rights-and-equality\/#breadcrumb\",\"itemListElement\":[{\"@type\":\"ListItem\",\"position\":1,\"name\":\"Accueil\",\"item\":\"https:\/\/copesepb.ca\/\"},{\"@type\":\"ListItem\",\"position\":2,\"name\":\"Action sociale et politique\",\"item\":\"https:\/\/copesepb.ca\/social-political-action\/\"},{\"@type\":\"ListItem\",\"position\":3,\"name\":\"Droits de l&rsquo;homme et \u00e9galit\u00e9\"}]},{\"@type\":\"WebSite\",\"@id\":\"https:\/\/copesepb.ca\/#website\",\"url\":\"https:\/\/copesepb.ca\/\",\"name\":\"SEPB\",\"description\":\"\",\"potentialAction\":[{\"@type\":\"SearchAction\",\"target\":{\"@type\":\"EntryPoint\",\"urlTemplate\":\"https:\/\/copesepb.ca\/?s={search_term_string}\"},\"query-input\":{\"@type\":\"PropertyValueSpecification\",\"valueRequired\":true,\"valueName\":\"search_term_string\"}}],\"inLanguage\":\"fr-FR\"}]}<\/script>\n<!-- \/ Yoast SEO plugin. -->","yoast_head_json":{"title":"Droits de l'homme et \u00e9galit\u00e9 - SEPB","robots":{"index":"index","follow":"follow","max-snippet":"max-snippet:-1","max-image-preview":"max-image-preview:large","max-video-preview":"max-video-preview:-1"},"canonical":"https:\/\/copesepb.ca\/social-political-action\/human-rights-and-equality\/","og_locale":"fr_FR","og_type":"article","og_title":"Droits de l'homme et \u00e9galit\u00e9 - SEPB","og_description":"Droits de l&rsquo;homme et \u00e9galit\u00e9 Droits de l&rsquo;homme et \u00e9galit\u00e9 Lors du congr\u00e8s national du COPE de juin 2010, les membres de notre syndicat national ont vot\u00e9 en faveur d&rsquo;une r\u00e9solution visant \u00e0 lutter contre la violence envers les femmes. Cette r\u00e9solution demande \u00e9galement de rendre accessibles les ressources et les services locaux pour les [&hellip;]","og_url":"https:\/\/copesepb.ca\/social-political-action\/human-rights-and-equality\/","og_site_name":"SEPB","article_modified_time":"2022-03-15T16:07:28+00:00","twitter_card":"summary_large_image","twitter_misc":{"Dur\u00e9e de lecture estim\u00e9e":"1 minute"},"schema":{"@context":"https:\/\/schema.org","@graph":[{"@type":"WebPage","@id":"https:\/\/copesepb.ca\/social-political-action\/human-rights-and-equality\/","url":"https:\/\/copesepb.ca\/social-political-action\/human-rights-and-equality\/","name":"Droits de l'homme et \u00e9galit\u00e9 - SEPB","isPartOf":{"@id":"https:\/\/copesepb.ca\/#website"},"datePublished":"2020-07-28T19:53:26+00:00","dateModified":"2022-03-15T16:07:28+00:00","breadcrumb":{"@id":"https:\/\/copesepb.ca\/social-political-action\/human-rights-and-equality\/#breadcrumb"},"inLanguage":"fr-FR","potentialAction":[{"@type":"ReadAction","target":["https:\/\/copesepb.ca\/social-political-action\/human-rights-and-equality\/"]}]},{"@type":"BreadcrumbList","@id":"https:\/\/copesepb.ca\/social-political-action\/human-rights-and-equality\/#breadcrumb","itemListElement":[{"@type":"ListItem","position":1,"name":"Accueil","item":"https:\/\/copesepb.ca\/"},{"@type":"ListItem","position":2,"name":"Action sociale et politique","item":"https:\/\/copesepb.ca\/social-political-action\/"},{"@type":"ListItem","position":3,"name":"Droits de l&rsquo;homme et \u00e9galit\u00e9"}]},{"@type":"WebSite","@id":"https:\/\/copesepb.ca\/#website","url":"https:\/\/copesepb.ca\/","name":"SEPB","description":"","potentialAction":[{"@type":"SearchAction","target":{"@type":"EntryPoint","urlTemplate":"https:\/\/copesepb.ca\/?s={search_term_string}"},"query-input":{"@type":"PropertyValueSpecification","valueRequired":true,"valueName":"search_term_string"}}],"inLanguage":"fr-FR"}]}},"_links":{"self":[{"href":"https:\/\/copesepb.ca\/fr\/wp-json\/wp\/v2\/pages\/6178","targetHints":{"allow":["GET"]}}],"collection":[{"href":"https:\/\/copesepb.ca\/fr\/wp-json\/wp\/v2\/pages"}],"about":[{"href":"https:\/\/copesepb.ca\/fr\/wp-json\/wp\/v2\/types\/page"}],"author":[{"embeddable":true,"href":"https:\/\/copesepb.ca\/fr\/wp-json\/wp\/v2\/users\/1"}],"replies":[{"embeddable":true,"href":"https:\/\/copesepb.ca\/fr\/wp-json\/wp\/v2\/comments?post=6178"}],"version-history":[{"count":4,"href":"https:\/\/copesepb.ca\/fr\/wp-json\/wp\/v2\/pages\/6178\/revisions"}],"predecessor-version":[{"id":6182,"href":"https:\/\/copesepb.ca\/fr\/wp-json\/wp\/v2\/pages\/6178\/revisions\/6182"}],"up":[{"embeddable":true,"href":"https:\/\/copesepb.ca\/fr\/wp-json\/wp\/v2\/pages\/6163"}],"wp:attachment":[{"href":"https:\/\/copesepb.ca\/fr\/wp-json\/wp\/v2\/media?parent=6178"}],"curies":[{"name":"wp","href":"https:\/\/api.w.org\/{rel}","templated":true}]}}