{"id":5945,"date":"2020-07-27T15:40:29","date_gmt":"2020-07-27T15:40:29","guid":{"rendered":"https:\/\/copesepb.mlbwdev.com\/mon-syndicat\/our-vision\/"},"modified":"2023-06-15T14:40:35","modified_gmt":"2023-06-15T18:40:35","slug":"notre-vision","status":"publish","type":"page","link":"https:\/\/copesepb.ca\/fr\/mon-syndicat\/notre-vision\/","title":{"rendered":"Notre vision"},"content":{"rendered":"\t\t<div data-elementor-type=\"wp-page\" data-elementor-id=\"5945\" class=\"elementor elementor-5945 elementor-1319\" data-elementor-post-type=\"page\">\n\t\t\t\t\t\t<section class=\"elementor-section elementor-top-section elementor-element elementor-element-e58fedb elementor-section-height-min-height row-head elementor-section-boxed elementor-section-height-default elementor-section-items-middle\" data-id=\"e58fedb\" data-element_type=\"section\" data-e-type=\"section\" data-settings=\"{&quot;jet_parallax_layout_list&quot;:[{&quot;jet_parallax_layout_image&quot;:{&quot;url&quot;:&quot;&quot;,&quot;id&quot;:&quot;&quot;,&quot;size&quot;:&quot;&quot;},&quot;_id&quot;:&quot;3031451&quot;,&quot;jet_parallax_layout_image_tablet&quot;:{&quot;url&quot;:&quot;&quot;,&quot;id&quot;:&quot;&quot;,&quot;size&quot;:&quot;&quot;},&quot;jet_parallax_layout_image_mobile&quot;:{&quot;url&quot;:&quot;&quot;,&quot;id&quot;:&quot;&quot;,&quot;size&quot;:&quot;&quot;},&quot;jet_parallax_layout_speed&quot;:{&quot;unit&quot;:&quot;%&quot;,&quot;size&quot;:50,&quot;sizes&quot;:[]},&quot;jet_parallax_layout_type&quot;:&quot;scroll&quot;,&quot;jet_parallax_layout_direction&quot;:&quot;1&quot;,&quot;jet_parallax_layout_fx_direction&quot;:null,&quot;jet_parallax_layout_z_index&quot;:&quot;&quot;,&quot;jet_parallax_layout_bg_x&quot;:50,&quot;jet_parallax_layout_bg_x_tablet&quot;:&quot;&quot;,&quot;jet_parallax_layout_bg_x_mobile&quot;:&quot;&quot;,&quot;jet_parallax_layout_bg_y&quot;:50,&quot;jet_parallax_layout_bg_y_tablet&quot;:&quot;&quot;,&quot;jet_parallax_layout_bg_y_mobile&quot;:&quot;&quot;,&quot;jet_parallax_layout_bg_size&quot;:&quot;auto&quot;,&quot;jet_parallax_layout_bg_size_tablet&quot;:&quot;&quot;,&quot;jet_parallax_layout_bg_size_mobile&quot;:&quot;&quot;,&quot;jet_parallax_layout_animation_prop&quot;:&quot;transform&quot;,&quot;jet_parallax_layout_on&quot;:[&quot;desktop&quot;,&quot;tablet&quot;]}],&quot;background_background&quot;:&quot;classic&quot;}\">\n\t\t\t\t\t\t\t<div class=\"elementor-background-overlay\"><\/div>\n\t\t\t\t\t\t\t<div class=\"elementor-container elementor-column-gap-default\">\n\t\t\t\t\t<div class=\"elementor-column elementor-col-100 elementor-top-column elementor-element elementor-element-e91cda9\" data-id=\"e91cda9\" data-element_type=\"column\" data-e-type=\"column\">\n\t\t\t<div class=\"elementor-widget-wrap elementor-element-populated\">\n\t\t\t\t\t\t<div class=\"elementor-element elementor-element-d2ddb5b elementor-widget elementor-widget-heading\" data-id=\"d2ddb5b\" data-element_type=\"widget\" data-e-type=\"widget\" data-widget_type=\"heading.default\">\n\t\t\t\t<div class=\"elementor-widget-container\">\n\t\t\t\t\t<h1 class=\"elementor-heading-title elementor-size-default\">Notre vision<\/h1>\t\t\t\t<\/div>\n\t\t\t\t<\/div>\n\t\t\t\t\t<\/div>\n\t\t<\/div>\n\t\t\t\t\t<\/div>\n\t\t<\/section>\n\t\t\t\t<section class=\"elementor-section elementor-top-section elementor-element elementor-element-3f2cd40 pv100 elementor-section-boxed elementor-section-height-default elementor-section-height-default\" data-id=\"3f2cd40\" data-element_type=\"section\" data-e-type=\"section\" data-settings=\"{&quot;jet_parallax_layout_list&quot;:[{&quot;jet_parallax_layout_image&quot;:{&quot;url&quot;:&quot;&quot;,&quot;id&quot;:&quot;&quot;,&quot;size&quot;:&quot;&quot;},&quot;_id&quot;:&quot;ecc3538&quot;,&quot;jet_parallax_layout_image_tablet&quot;:{&quot;url&quot;:&quot;&quot;,&quot;id&quot;:&quot;&quot;,&quot;size&quot;:&quot;&quot;},&quot;jet_parallax_layout_image_mobile&quot;:{&quot;url&quot;:&quot;&quot;,&quot;id&quot;:&quot;&quot;,&quot;size&quot;:&quot;&quot;},&quot;jet_parallax_layout_speed&quot;:{&quot;unit&quot;:&quot;%&quot;,&quot;size&quot;:50,&quot;sizes&quot;:[]},&quot;jet_parallax_layout_type&quot;:&quot;scroll&quot;,&quot;jet_parallax_layout_direction&quot;:&quot;1&quot;,&quot;jet_parallax_layout_fx_direction&quot;:null,&quot;jet_parallax_layout_z_index&quot;:&quot;&quot;,&quot;jet_parallax_layout_bg_x&quot;:50,&quot;jet_parallax_layout_bg_x_tablet&quot;:&quot;&quot;,&quot;jet_parallax_layout_bg_x_mobile&quot;:&quot;&quot;,&quot;jet_parallax_layout_bg_y&quot;:50,&quot;jet_parallax_layout_bg_y_tablet&quot;:&quot;&quot;,&quot;jet_parallax_layout_bg_y_mobile&quot;:&quot;&quot;,&quot;jet_parallax_layout_bg_size&quot;:&quot;auto&quot;,&quot;jet_parallax_layout_bg_size_tablet&quot;:&quot;&quot;,&quot;jet_parallax_layout_bg_size_mobile&quot;:&quot;&quot;,&quot;jet_parallax_layout_animation_prop&quot;:&quot;transform&quot;,&quot;jet_parallax_layout_on&quot;:[&quot;desktop&quot;,&quot;tablet&quot;]}]}\">\n\t\t\t\t\t\t<div class=\"elementor-container elementor-column-gap-default\">\n\t\t\t\t\t<div class=\"elementor-column elementor-col-50 elementor-top-column elementor-element elementor-element-374e3dc pr\" data-id=\"374e3dc\" data-element_type=\"column\" data-e-type=\"column\">\n\t\t\t<div class=\"elementor-widget-wrap elementor-element-populated\">\n\t\t\t\t\t\t<div class=\"elementor-element elementor-element-8562691 elementor-widget elementor-widget-heading\" data-id=\"8562691\" data-element_type=\"widget\" data-e-type=\"widget\" data-widget_type=\"heading.default\">\n\t\t\t\t<div class=\"elementor-widget-container\">\n\t\t\t\t\t<h2 class=\"elementor-heading-title elementor-size-default\">Le Syndicat canadien des employ\u00e9es et employ\u00e9s professionnels et de bureau (SEPB) est le petit dernier des syndicats canadiens.<\/h2>\t\t\t\t<\/div>\n\t\t\t\t<\/div>\n\t\t\t\t<div class=\"elementor-element elementor-element-ea5464b elementor-widget elementor-widget-text-editor\" data-id=\"ea5464b\" data-element_type=\"widget\" data-e-type=\"widget\" data-widget_type=\"text-editor.default\">\n\t\t\t\t<div class=\"elementor-widget-container\">\n\t\t\t\t\t\t\t\t\t<p>Il a \u00e9t\u00e9 form\u00e9 en l\u2019espace de quelques semaines dans un v\u00e9ritable \u00e9lan de d\u00e9mocratie, alors que plus de 74\u00a0% de ses personnes membres ont exprim\u00e9 le souhait, individuellement et collectivement, de cr\u00e9er un syndicat national et d\u2019en faire partie.<\/p><p>Le dynamisme et l\u2019incroyable esprit d\u00e9mocratique de sa gen\u00e8se continuent de guider son travail.<\/p><p>Le SEPB, qui respecte l\u2019autonomie de ses 35 sections locales et reconna\u00eet ses 2\u00a0conseils, valorise la force collective nationale de ses 34\u00a0000\u00a0membres.<\/p><p>Notre vision\u00a0: Nous faire conna\u00eetre tant de nos personnes membres existantes que de nos futures personnes membres, et continuer \u00e0 exhiber fi\u00e8rement notre logo dans les milieux non syndiqu\u00e9s ainsi qu\u2019aupr\u00e8s de la population pour mieux promouvoir la valeur et le r\u00f4le important des syndicats dans la soci\u00e9t\u00e9 d\u2019aujourd\u2019hui.<\/p><p>Chaque personne a le droit d\u2019\u00eatre trait\u00e9e avec dignit\u00e9 et respect. Nous croyons qu\u2019en travaillant de concert par l\u2019interm\u00e9diaire du syndicat, nous pouvons soutenir notre communaut\u00e9, am\u00e9liorer les conditions de travail et faire de la soci\u00e9t\u00e9 un endroit o\u00f9 il fait bon vivre.<\/p><p>Adh\u00e9rez \u00e0 notre syndicat; vous verrez, l\u2019union fait la force!<\/p><p>Solidairement,<\/p>\t\t\t\t\t\t\t\t<\/div>\n\t\t\t\t<\/div>\n\t\t\t\t\t<\/div>\n\t\t<\/div>\n\t\t\t\t<div class=\"elementor-column elementor-col-50 elementor-top-column elementor-element elementor-element-94d959f\" data-id=\"94d959f\" data-element_type=\"column\" data-e-type=\"column\" data-settings=\"{&quot;background_background&quot;:&quot;classic&quot;}\">\n\t\t\t<div class=\"elementor-widget-wrap elementor-element-populated\">\n\t\t\t\t\t\t<div class=\"elementor-element elementor-element-32606a9 elementor-widget elementor-widget-image\" data-id=\"32606a9\" data-element_type=\"widget\" data-e-type=\"widget\" data-widget_type=\"image.default\">\n\t\t\t\t<div class=\"elementor-widget-container\">\n\t\t\t\t\t\t\t\t\t\t\t\t\t\t\t<img fetchpriority=\"high\" decoding=\"async\" width=\"688\" height=\"850\" src=\"https:\/\/copesepb.ca\/wp-content\/uploads\/2020\/05\/Nos-services.jpg\" class=\"attachment-full size-full wp-image-381\" alt=\"\" srcset=\"https:\/\/copesepb.ca\/wp-content\/uploads\/2020\/05\/Nos-services.jpg 688w, https:\/\/copesepb.ca\/wp-content\/uploads\/2020\/05\/Nos-services-243x300.jpg 243w\" sizes=\"(max-width: 688px) 100vw, 688px\" \/>\t\t\t\t\t\t\t\t\t\t\t\t\t\t\t<\/div>\n\t\t\t\t<\/div>\n\t\t\t\t\t<\/div>\n\t\t<\/div>\n\t\t\t\t\t<\/div>\n\t\t<\/section>\n\t\t\t\t<\/div>\n\t\t","protected":false},"excerpt":{"rendered":"<p>Notre vision Le Syndicat canadien des employ\u00e9es et employ\u00e9s professionnels et de bureau (SEPB) est le petit dernier des syndicats canadiens. Il a \u00e9t\u00e9 form\u00e9 en l\u2019espace de quelques semaines dans un v\u00e9ritable \u00e9lan de d\u00e9mocratie, alors que plus de 74\u00a0% de ses personnes membres ont exprim\u00e9 le souhait, individuellement et collectivement, de cr\u00e9er un [&hellip;]<\/p>\n","protected":false},"author":1,"featured_media":0,"parent":15,"menu_order":0,"comment_status":"closed","ping_status":"closed","template":"elementor_header_footer","meta":{"_acf_changed":false,"footnotes":""},"class_list":["post-5945","page","type-page","status-publish","hentry"],"acf":[],"yoast_head":"<!-- This site is optimized with the Yoast SEO plugin v26.9 - https:\/\/yoast.com\/product\/yoast-seo-wordpress\/ -->\n<title>Notre vision - SEPB<\/title>\n<meta name=\"robots\" content=\"index, follow, max-snippet:-1, max-image-preview:large, max-video-preview:-1\" \/>\n<link rel=\"canonical\" href=\"https:\/\/copesepb.ca\/my-union\/our-vision\/\" \/>\n<meta property=\"og:locale\" content=\"fr_FR\" \/>\n<meta property=\"og:type\" content=\"article\" \/>\n<meta property=\"og:title\" content=\"Notre vision - SEPB\" \/>\n<meta property=\"og:description\" content=\"Notre vision Le Syndicat canadien des employ\u00e9es et employ\u00e9s professionnels et de bureau (SEPB) est le petit dernier des syndicats canadiens. Il a \u00e9t\u00e9 form\u00e9 en l\u2019espace de quelques semaines dans un v\u00e9ritable \u00e9lan de d\u00e9mocratie, alors que plus de 74\u00a0% de ses personnes membres ont exprim\u00e9 le souhait, individuellement et collectivement, de cr\u00e9er un [&hellip;]\" \/>\n<meta property=\"og:url\" content=\"https:\/\/copesepb.ca\/my-union\/our-vision\/\" \/>\n<meta property=\"og:site_name\" content=\"SEPB\" \/>\n<meta property=\"article:modified_time\" content=\"2023-06-15T18:40:35+00:00\" \/>\n<meta property=\"og:image\" content=\"https:\/\/copesepb.ca\/wp-content\/uploads\/2020\/05\/Nos-services.jpg\" \/>\n<meta name=\"twitter:card\" content=\"summary_large_image\" \/>\n<meta name=\"twitter:label1\" content=\"Dur\u00e9e de lecture estim\u00e9e\" \/>\n\t<meta name=\"twitter:data1\" content=\"2 minutes\" \/>\n<script type=\"application\/ld+json\" class=\"yoast-schema-graph\">{\"@context\":\"https:\/\/schema.org\",\"@graph\":[{\"@type\":\"WebPage\",\"@id\":\"https:\/\/copesepb.ca\/my-union\/our-vision\/\",\"url\":\"https:\/\/copesepb.ca\/my-union\/our-vision\/\",\"name\":\"Notre vision - SEPB\",\"isPartOf\":{\"@id\":\"https:\/\/copesepb.ca\/#website\"},\"primaryImageOfPage\":{\"@id\":\"https:\/\/copesepb.ca\/my-union\/our-vision\/#primaryimage\"},\"image\":{\"@id\":\"https:\/\/copesepb.ca\/my-union\/our-vision\/#primaryimage\"},\"thumbnailUrl\":\"https:\/\/copesepb.ca\/wp-content\/uploads\/2020\/05\/Nos-services.jpg\",\"datePublished\":\"2020-07-27T15:40:29+00:00\",\"dateModified\":\"2023-06-15T18:40:35+00:00\",\"breadcrumb\":{\"@id\":\"https:\/\/copesepb.ca\/my-union\/our-vision\/#breadcrumb\"},\"inLanguage\":\"fr-FR\",\"potentialAction\":[{\"@type\":\"ReadAction\",\"target\":[\"https:\/\/copesepb.ca\/my-union\/our-vision\/\"]}]},{\"@type\":\"ImageObject\",\"inLanguage\":\"fr-FR\",\"@id\":\"https:\/\/copesepb.ca\/my-union\/our-vision\/#primaryimage\",\"url\":\"https:\/\/copesepb.ca\/wp-content\/uploads\/2020\/05\/Nos-services.jpg\",\"contentUrl\":\"https:\/\/copesepb.ca\/wp-content\/uploads\/2020\/05\/Nos-services.jpg\"},{\"@type\":\"BreadcrumbList\",\"@id\":\"https:\/\/copesepb.ca\/my-union\/our-vision\/#breadcrumb\",\"itemListElement\":[{\"@type\":\"ListItem\",\"position\":1,\"name\":\"Accueil\",\"item\":\"https:\/\/copesepb.ca\/\"},{\"@type\":\"ListItem\",\"position\":2,\"name\":\"Mon syndicat\",\"item\":\"https:\/\/copesepb.ca\/mon-syndicat\/\"},{\"@type\":\"ListItem\",\"position\":3,\"name\":\"Notre vision\"}]},{\"@type\":\"WebSite\",\"@id\":\"https:\/\/copesepb.ca\/#website\",\"url\":\"https:\/\/copesepb.ca\/\",\"name\":\"SEPB\",\"description\":\"\",\"potentialAction\":[{\"@type\":\"SearchAction\",\"target\":{\"@type\":\"EntryPoint\",\"urlTemplate\":\"https:\/\/copesepb.ca\/?s={search_term_string}\"},\"query-input\":{\"@type\":\"PropertyValueSpecification\",\"valueRequired\":true,\"valueName\":\"search_term_string\"}}],\"inLanguage\":\"fr-FR\"}]}<\/script>\n<!-- \/ Yoast SEO plugin. -->","yoast_head_json":{"title":"Notre vision - SEPB","robots":{"index":"index","follow":"follow","max-snippet":"max-snippet:-1","max-image-preview":"max-image-preview:large","max-video-preview":"max-video-preview:-1"},"canonical":"https:\/\/copesepb.ca\/my-union\/our-vision\/","og_locale":"fr_FR","og_type":"article","og_title":"Notre vision - SEPB","og_description":"Notre vision Le Syndicat canadien des employ\u00e9es et employ\u00e9s professionnels et de bureau (SEPB) est le petit dernier des syndicats canadiens. Il a \u00e9t\u00e9 form\u00e9 en l\u2019espace de quelques semaines dans un v\u00e9ritable \u00e9lan de d\u00e9mocratie, alors que plus de 74\u00a0% de ses personnes membres ont exprim\u00e9 le souhait, individuellement et collectivement, de cr\u00e9er un [&hellip;]","og_url":"https:\/\/copesepb.ca\/my-union\/our-vision\/","og_site_name":"SEPB","article_modified_time":"2023-06-15T18:40:35+00:00","og_image":[{"url":"https:\/\/copesepb.ca\/wp-content\/uploads\/2020\/05\/Nos-services.jpg","type":"","width":"","height":""}],"twitter_card":"summary_large_image","twitter_misc":{"Dur\u00e9e de lecture estim\u00e9e":"2 minutes"},"schema":{"@context":"https:\/\/schema.org","@graph":[{"@type":"WebPage","@id":"https:\/\/copesepb.ca\/my-union\/our-vision\/","url":"https:\/\/copesepb.ca\/my-union\/our-vision\/","name":"Notre vision - SEPB","isPartOf":{"@id":"https:\/\/copesepb.ca\/#website"},"primaryImageOfPage":{"@id":"https:\/\/copesepb.ca\/my-union\/our-vision\/#primaryimage"},"image":{"@id":"https:\/\/copesepb.ca\/my-union\/our-vision\/#primaryimage"},"thumbnailUrl":"https:\/\/copesepb.ca\/wp-content\/uploads\/2020\/05\/Nos-services.jpg","datePublished":"2020-07-27T15:40:29+00:00","dateModified":"2023-06-15T18:40:35+00:00","breadcrumb":{"@id":"https:\/\/copesepb.ca\/my-union\/our-vision\/#breadcrumb"},"inLanguage":"fr-FR","potentialAction":[{"@type":"ReadAction","target":["https:\/\/copesepb.ca\/my-union\/our-vision\/"]}]},{"@type":"ImageObject","inLanguage":"fr-FR","@id":"https:\/\/copesepb.ca\/my-union\/our-vision\/#primaryimage","url":"https:\/\/copesepb.ca\/wp-content\/uploads\/2020\/05\/Nos-services.jpg","contentUrl":"https:\/\/copesepb.ca\/wp-content\/uploads\/2020\/05\/Nos-services.jpg"},{"@type":"BreadcrumbList","@id":"https:\/\/copesepb.ca\/my-union\/our-vision\/#breadcrumb","itemListElement":[{"@type":"ListItem","position":1,"name":"Accueil","item":"https:\/\/copesepb.ca\/"},{"@type":"ListItem","position":2,"name":"Mon syndicat","item":"https:\/\/copesepb.ca\/mon-syndicat\/"},{"@type":"ListItem","position":3,"name":"Notre vision"}]},{"@type":"WebSite","@id":"https:\/\/copesepb.ca\/#website","url":"https:\/\/copesepb.ca\/","name":"SEPB","description":"","potentialAction":[{"@type":"SearchAction","target":{"@type":"EntryPoint","urlTemplate":"https:\/\/copesepb.ca\/?s={search_term_string}"},"query-input":{"@type":"PropertyValueSpecification","valueRequired":true,"valueName":"search_term_string"}}],"inLanguage":"fr-FR"}]}},"_links":{"self":[{"href":"https:\/\/copesepb.ca\/fr\/wp-json\/wp\/v2\/pages\/5945","targetHints":{"allow":["GET"]}}],"collection":[{"href":"https:\/\/copesepb.ca\/fr\/wp-json\/wp\/v2\/pages"}],"about":[{"href":"https:\/\/copesepb.ca\/fr\/wp-json\/wp\/v2\/types\/page"}],"author":[{"embeddable":true,"href":"https:\/\/copesepb.ca\/fr\/wp-json\/wp\/v2\/users\/1"}],"replies":[{"embeddable":true,"href":"https:\/\/copesepb.ca\/fr\/wp-json\/wp\/v2\/comments?post=5945"}],"version-history":[{"count":13,"href":"https:\/\/copesepb.ca\/fr\/wp-json\/wp\/v2\/pages\/5945\/revisions"}],"predecessor-version":[{"id":8185,"href":"https:\/\/copesepb.ca\/fr\/wp-json\/wp\/v2\/pages\/5945\/revisions\/8185"}],"up":[{"embeddable":true,"href":"https:\/\/copesepb.ca\/fr\/wp-json\/wp\/v2\/pages\/15"}],"wp:attachment":[{"href":"https:\/\/copesepb.ca\/fr\/wp-json\/wp\/v2\/media?parent=5945"}],"curies":[{"name":"wp","href":"https:\/\/api.w.org\/{rel}","templated":true}]}}